{"id":732,"date":"2023-05-17T21:34:58","date_gmt":"2023-05-17T21:34:58","guid":{"rendered":"https:\/\/alpacas.silfrohn.pt\/?page_id=732"},"modified":"2023-05-23T13:20:35","modified_gmt":"2023-05-23T13:20:35","slug":"origem-e-historia-das-alpacas","status":"publish","type":"page","link":"https:\/\/alpacas.silfrohn.pt\/?page_id=732","title":{"rendered":"Origem e Hist\u00f3ria das Alpacas"},"content":{"rendered":"<p><div class=\"fusion-fullwidth fullwidth-box fusion-builder-row-1 fusion-flex-container nonhundred-percent-fullwidth non-hundred-percent-height-scrolling\" style=\"--awb-border-radius-top-left:0px;--awb-border-radius-top-right:0px;--awb-border-radius-bottom-right:0px;--awb-border-radius-bottom-left:0px;\" ><div class=\"fusion-builder-row fusion-row fusion-flex-align-items-flex-start\" style=\"max-width:1248px;margin-left: calc(-4% \/ 2 );margin-right: calc(-4% \/ 2 );\"><div class=\"fusion-layout-column fusion_builder_column fusion-builder-column-0 fusion_builder_column_1_2 1_2 fusion-flex-column\" style=\"--awb-bg-size:cover;--awb-width-large:50%;--awb-margin-top-large:0px;--awb-spacing-right-large:3.84%;--awb-margin-bottom-large:20px;--awb-spacing-left-large:3.84%;--awb-width-medium:50%;--awb-order-medium:0;--awb-spacing-right-medium:3.84%;--awb-spacing-left-medium:3.84%;--awb-width-small:100%;--awb-order-small:0;--awb-spacing-right-small:1.92%;--awb-spacing-left-small:1.92%;\"><div class=\"fusion-column-wrapper fusion-column-has-shadow fusion-flex-justify-content-flex-start fusion-content-layout-column\"><div class=\"fusion-text fusion-text-1\"><p>A alpaca, cientificamente conhecido como Vicugna pacos, \u00e9 um cameloide sul-americano domesticado que possui uma rica hist\u00f3ria e import\u00e2ncia cultural. As alpacas s\u00e3o nativas das terras altas das Montanhas dos Andes, principalmente no Peru, Bol\u00edvia e Chile. Esses animais not\u00e1veis desempenharam um papel vital na vida das comunidades ind\u00edgenas andinas por milhares de anos.<\/p>\n<p>A origem das alpacas remonta ao ancestral selvagem conhecido como Vicunha (Vicugna vicugna). As vicunhas s\u00e3o camelo\u00eddeos graciosos e \u00e1geis que habitam os terrenos acidentados dos Andes. Elas possuem uma pelagem fina e valiosa que era altamente cobi\u00e7ada pelas antigas civiliza\u00e7\u00f5es andinas, como os Incas. Atrav\u00e9s da sele\u00e7\u00e3o e domestica\u00e7\u00e3o, a alpaca foi desenvolvida a partir da vicunha selvagem.<\/p>\n<\/div><\/div><\/div><div class=\"fusion-layout-column fusion_builder_column fusion-builder-column-1 fusion_builder_column_1_2 1_2 fusion-flex-column\" style=\"--awb-bg-size:cover;--awb-width-large:50%;--awb-margin-top-large:0px;--awb-spacing-right-large:3.84%;--awb-margin-bottom-large:20px;--awb-spacing-left-large:3.84%;--awb-width-medium:50%;--awb-order-medium:0;--awb-spacing-right-medium:3.84%;--awb-spacing-left-medium:3.84%;--awb-width-small:100%;--awb-order-small:0;--awb-spacing-right-small:1.92%;--awb-spacing-left-small:1.92%;\"><div class=\"fusion-column-wrapper fusion-column-has-shadow fusion-flex-justify-content-flex-start fusion-content-layout-column\"><div class=\"fusion-image-element \" style=\"--awb-caption-title-font-family:var(--h2_typography-font-family);--awb-caption-title-font-weight:var(--h2_typography-font-weight);--awb-caption-title-font-style:var(--h2_typography-font-style);--awb-caption-title-size:var(--h2_typography-font-size);--awb-caption-title-transform:var(--h2_typography-text-transform);--awb-caption-title-line-height:var(--h2_typography-line-height);--awb-caption-title-letter-spacing:var(--h2_typography-letter-spacing);\"><span class=\" fusion-imageframe imageframe-none imageframe-1 hover-type-none\" class=\"image-magnify\" class=\"image-scroll\"><img decoding=\"async\" width=\"2560\" height=\"1437\" alt=\"Alpaca Eating\" title=\"Alpaca Eating\" src=\"https:\/\/i0.wp.com\/alpacas.silfrohn.pt\/wp-content\/uploads\/2023\/05\/roxa-3-scaled.jpg?fit=2560%2C1437&ssl=1\" data-orig-src=\"https:\/\/alpacas.silfrohn.pt\/wp-content\/uploads\/2023\/05\/roxa-3-scaled.jpg\" class=\"lazyload img-responsive wp-image-801\" srcset=\"data:image\/svg+xml,%3Csvg%20xmlns%3D%27http%3A%2F%2Fwww.w3.org%2F2000%2Fsvg%27%20width%3D%272560%27%20height%3D%271437%27%20viewBox%3D%270%200%202560%201437%27%3E%3Crect%20width%3D%272560%27%20height%3D%271437%27%20fill-opacity%3D%220%22%2F%3E%3C%2Fsvg%3E\" data-srcset=\"https:\/\/i0.wp.com\/alpacas.silfrohn.pt\/wp-content\/uploads\/2023\/05\/roxa-3-scaled.jpg?resize=200%2C112&amp;ssl=1 200w, https:\/\/i0.wp.com\/alpacas.silfrohn.pt\/wp-content\/uploads\/2023\/05\/roxa-3-scaled.jpg?resize=300%2C168&amp;ssl=1 300w, https:\/\/i0.wp.com\/alpacas.silfrohn.pt\/wp-content\/uploads\/2023\/05\/roxa-3-scaled.jpg?resize=400%2C225&amp;ssl=1 400w, https:\/\/i0.wp.com\/alpacas.silfrohn.pt\/wp-content\/uploads\/2023\/05\/roxa-3-scaled.jpg?resize=600%2C337&amp;ssl=1 600w, https:\/\/i0.wp.com\/alpacas.silfrohn.pt\/wp-content\/uploads\/2023\/05\/roxa-3-scaled.jpg?resize=768%2C431&amp;ssl=1 768w, https:\/\/i0.wp.com\/alpacas.silfrohn.pt\/wp-content\/uploads\/2023\/05\/roxa-3-scaled.jpg?resize=800%2C449&amp;ssl=1 800w, https:\/\/i0.wp.com\/alpacas.silfrohn.pt\/wp-content\/uploads\/2023\/05\/roxa-3-scaled.jpg?resize=1024%2C575&amp;ssl=1 1024w, https:\/\/i0.wp.com\/alpacas.silfrohn.pt\/wp-content\/uploads\/2023\/05\/roxa-3-scaled.jpg?resize=1200%2C674&amp;ssl=1 1200w, https:\/\/i0.wp.com\/alpacas.silfrohn.pt\/wp-content\/uploads\/2023\/05\/roxa-3-scaled.jpg?resize=1536%2C862&amp;ssl=1 1536w, https:\/\/i0.wp.com\/alpacas.silfrohn.pt\/wp-content\/uploads\/2023\/05\/roxa-3-scaled.jpg?w=2400&amp;ssl=1 2400w, https:\/\/i0.wp.com\/alpacas.silfrohn.pt\/wp-content\/uploads\/2023\/05\/roxa-3-scaled.jpg?fit=2560%2C1437&amp;ssl=1 2560w\" data-sizes=\"auto\" data-orig-sizes=\"(max-width: 640px) 100vw, 600px\" \/><\/span><\/div><\/div><\/div><\/div><\/div><div class=\"fusion-fullwidth fullwidth-box fusion-builder-row-2 fusion-flex-container has-pattern-background has-mask-background nonhundred-percent-fullwidth non-hundred-percent-height-scrolling\" style=\"--awb-border-radius-top-left:0px;--awb-border-radius-top-right:0px;--awb-border-radius-bottom-right:0px;--awb-border-radius-bottom-left:0px;\" ><div class=\"fusion-builder-row fusion-row fusion-flex-align-items-flex-start\" style=\"max-width:1248px;margin-left: calc(-4% \/ 2 );margin-right: calc(-4% \/ 2 );\"><div class=\"fusion-layout-column fusion_builder_column fusion-builder-column-2 fusion_builder_column_1_1 1_1 fusion-flex-column\" style=\"--awb-bg-size:cover;--awb-width-large:100%;--awb-margin-top-large:0px;--awb-spacing-right-large:1.92%;--awb-margin-bottom-large:20px;--awb-spacing-left-large:1.92%;--awb-width-medium:100%;--awb-order-medium:0;--awb-spacing-right-medium:1.92%;--awb-spacing-left-medium:1.92%;--awb-width-small:100%;--awb-order-small:0;--awb-spacing-right-small:1.92%;--awb-spacing-left-small:1.92%;\"><div class=\"fusion-column-wrapper fusion-column-has-shadow fusion-flex-justify-content-flex-start fusion-content-layout-column\"><div class=\"fusion-text fusion-text-2\"><p>O processo de domestica\u00e7\u00e3o come\u00e7ou cerca de 6.000 a 7.000 anos atr\u00e1s, tornando as alpacas um dos animais domesticados mais antigos do mundo. Os antigos povos andinos reconheceram as qualidades \u00fanicas das alpacas, como sua pelagem luxuosa e macia, adaptabilidade a climas rigorosos e temperamento gentil. Essas caracter\u00edsticas tornaram as alpacas indispens\u00e1veis para a sobreviv\u00eancia no desafiador ambiente andino.<\/p>\n<p>Durante s\u00e9culos, as alpacas serviram como uma fonte vital de subsist\u00eancia e meio de vida para as comunidades andinas. Sua pelagem era altamente valorizada por sua qualidade excepcional e tornou-se uma mercadoria crucial no com\u00e9rcio. A fibra de alpaca era usada para produzir t\u00eaxteis finamente trabalhados, roupas e tape\u00e7arias, que eram muito apreciados pela nobreza e sociedade inca.<\/p>\n<p>A civiliza\u00e7\u00e3o inca, em particular, reverenciava as alpacas e as considerava animais sagrados. Eles acreditavam que as alpacas possu\u00edam uma conex\u00e3o divina e desempenhavam um papel significativo em suas cerim\u00f4nias e rituais religiosos. Os Incas at\u00e9 regulavam a posse e a cria\u00e7\u00e3o de alpacas para manter a pureza da ra\u00e7a e preservar a qualidade da pelagem.<\/p>\n<p>Com a chegada dos conquistadores espanh\u00f3is no s\u00e9culo XVI, o destino das alpacas tomou um rumo dram\u00e1tico. A coloniza\u00e7\u00e3o espanhola na Am\u00e9rica do Sul perturbou a estrutura social e econ\u00f4mica das civiliza\u00e7\u00f5es andinas, levando ao decl\u00ednio das popula\u00e7\u00f5es de alpacas. Os espanh\u00f3is estavam principalmente interessados em explorar as vastas reservas de ouro e prata da regi\u00e3o e n\u00e3o davam muita import\u00e2ncia \u00e0s alpacas ou sua fibra.<\/p>\n<p>Felizmente, apesar dos desafios enfrentados durante a era colonial, as alpacas conseguiram sobreviver em regi\u00f5es remotas dos Andes, onde sua adaptabilidade a altas altitudes e terrenos acidentados lhes proporcionava algum grau de prote\u00e7\u00e3o. Ap\u00f3s a independ\u00eancia da Espanha no s\u00e9culo XIX, os pa\u00edses Peru,<\/p>\n<p>Bol\u00edvia e Chile come\u00e7aram a priorizar a conserva\u00e7\u00e3o e revitaliza\u00e7\u00e3o de suas popula\u00e7\u00f5es nativas de camel\u00eddeos, incluindo as alpacas.<\/p>\n<p>Nos tempos modernos, as alpacas ganharam reconhecimento internacional por sua fibra excepcional, natureza d\u00f3cil e benef\u00edcios ecol\u00f3gicos. Elas s\u00e3o criadas n\u00e3o apenas em seus pa\u00edses de origem, mas tamb\u00e9m em v\u00e1rias partes do mundo, incluindo Europa, Am\u00e9rica do Norte e Austr\u00e1lia. A fibra de alpaca \u00e9 altamente valorizada por sua suavidade, calor e propriedades hipoalerg\u00eanicas, tornando-a uma alternativa atraente para a l\u00e3 e outras fibras sint\u00e9ticas.<\/p>\n<p>Em conclus\u00e3o, as alpacas possuem uma hist\u00f3ria longa e fascinante que remonta a milhares de anos. Origin\u00e1rias da vicunha selvagem, esses camel\u00eddeos domesticados desempenharam um papel vital na sobreviv\u00eancia e heran\u00e7a cultural das civiliza\u00e7\u00f5es andinas. Apesar dos desafios enfrentados durante o per\u00edodo colonial, as alpacas conseguiram sobreviver e s\u00e3o agora apreciadas em todo o mundo por sua not\u00e1vel fibra e temperamento gentil. Seu legado continua prosperando, contribuindo para a ind\u00fastria t\u00eaxtil global e servindo como um s\u00edmbolo da rica heran\u00e7a cultural dos Andes.<\/p>\n<\/div><\/div><\/div><\/div><\/div><\/p>\n","protected":false},"excerpt":{"rendered":"","protected":false},"author":1,"featured_media":0,"parent":0,"menu_order":0,"comment_status":"closed","ping_status":"closed","template":"","meta":{"footnotes":""},"class_list":["post-732","page","type-page","status-publish","hentry"],"yoast_head":"<!-- This site is optimized with the Yoast SEO plugin v20.7 - https:\/\/yoast.com\/wordpress\/plugins\/seo\/ -->\n<title>Origem e Hist\u00f3ria das Alpacas - Alpacas - Quinta Silfrohn<\/title>\n<meta name=\"robots\" content=\"index, follow, max-snippet:-1, max-image-preview:large, max-video-preview:-1\" \/>\n<link rel=\"canonical\" href=\"https:\/\/alpacas.silfrohn.pt\/?page_id=732\" \/>\n<meta property=\"og:locale\" content=\"en_US\" \/>\n<meta property=\"og:type\" content=\"article\" \/>\n<meta property=\"og:title\" content=\"Origem e Hist\u00f3ria das Alpacas - Alpacas - Quinta Silfrohn\" \/>\n<meta property=\"og:url\" content=\"https:\/\/alpacas.silfrohn.pt\/?page_id=732\" \/>\n<meta property=\"og:site_name\" content=\"Alpacas - Quinta Silfrohn\" \/>\n<meta property=\"article:publisher\" content=\"https:\/\/www.facebook.com\/Silfrohn\/\" \/>\n<meta property=\"article:modified_time\" content=\"2023-05-23T13:20:35+00:00\" \/>\n<meta name=\"twitter:card\" content=\"summary_large_image\" \/>\n<meta name=\"twitter:site\" content=\"@silfrohn\" \/>\n<meta name=\"twitter:label1\" content=\"Est. reading time\" \/>\n\t<meta name=\"twitter:data1\" content=\"3 minutes\" \/>\n<script type=\"application\/ld+json\" class=\"yoast-schema-graph\">{\"@context\":\"https:\/\/schema.org\",\"@graph\":[{\"@type\":\"WebPage\",\"@id\":\"https:\/\/alpacas.silfrohn.pt\/?page_id=732\",\"url\":\"https:\/\/alpacas.silfrohn.pt\/?page_id=732\",\"name\":\"Origem e Hist\u00f3ria das Alpacas - Alpacas - Quinta Silfrohn\",\"isPartOf\":{\"@id\":\"https:\/\/alpacas.silfrohn.pt\/#website\"},\"datePublished\":\"2023-05-17T21:34:58+00:00\",\"dateModified\":\"2023-05-23T13:20:35+00:00\",\"breadcrumb\":{\"@id\":\"https:\/\/alpacas.silfrohn.pt\/?page_id=732#breadcrumb\"},\"inLanguage\":\"en-US\",\"potentialAction\":[{\"@type\":\"ReadAction\",\"target\":[\"https:\/\/alpacas.silfrohn.pt\/?page_id=732\"]}]},{\"@type\":\"BreadcrumbList\",\"@id\":\"https:\/\/alpacas.silfrohn.pt\/?page_id=732#breadcrumb\",\"itemListElement\":[{\"@type\":\"ListItem\",\"position\":1,\"name\":\"Home\",\"item\":\"https:\/\/alpacas.silfrohn.pt\/\"},{\"@type\":\"ListItem\",\"position\":2,\"name\":\"Origem e Hist\u00f3ria das Alpacas\"}]},{\"@type\":\"WebSite\",\"@id\":\"https:\/\/alpacas.silfrohn.pt\/#website\",\"url\":\"https:\/\/alpacas.silfrohn.pt\/\",\"name\":\"Alpacas - Quinta Silfrohn\",\"description\":\"\",\"publisher\":{\"@id\":\"https:\/\/alpacas.silfrohn.pt\/#organization\"},\"potentialAction\":[{\"@type\":\"SearchAction\",\"target\":{\"@type\":\"EntryPoint\",\"urlTemplate\":\"https:\/\/alpacas.silfrohn.pt\/?s={search_term_string}\"},\"query-input\":\"required name=search_term_string\"}],\"inLanguage\":\"en-US\"},{\"@type\":\"Organization\",\"@id\":\"https:\/\/alpacas.silfrohn.pt\/#organization\",\"name\":\"Quinta Silfrohn\",\"url\":\"https:\/\/alpacas.silfrohn.pt\/\",\"logo\":{\"@type\":\"ImageObject\",\"inLanguage\":\"en-US\",\"@id\":\"https:\/\/alpacas.silfrohn.pt\/#\/schema\/logo\/image\/\",\"url\":\"https:\/\/i0.wp.com\/alpacas.silfrohn.pt\/wp-content\/uploads\/2023\/05\/logo_v6_Black_rectangle.png?fit=1080%2C563&ssl=1\",\"contentUrl\":\"https:\/\/i0.wp.com\/alpacas.silfrohn.pt\/wp-content\/uploads\/2023\/05\/logo_v6_Black_rectangle.png?fit=1080%2C563&ssl=1\",\"width\":1080,\"height\":563,\"caption\":\"Quinta Silfrohn\"},\"image\":{\"@id\":\"https:\/\/alpacas.silfrohn.pt\/#\/schema\/logo\/image\/\"},\"sameAs\":[\"https:\/\/www.facebook.com\/Silfrohn\/\",\"https:\/\/twitter.com\/silfrohn\",\"https:\/\/www.twitch.tv\/silfrohn_farm\",\"https:\/\/www.instagram.com\/silfrohn\/\",\"https:\/\/www.tiktok.com\/@silfrohn_farm\"]}]}<\/script>\n<!-- \/ Yoast SEO plugin. -->","yoast_head_json":{"title":"Origem e Hist\u00f3ria das Alpacas - Alpacas - Quinta Silfrohn","robots":{"index":"index","follow":"follow","max-snippet":"max-snippet:-1","max-image-preview":"max-image-preview:large","max-video-preview":"max-video-preview:-1"},"canonical":"https:\/\/alpacas.silfrohn.pt\/?page_id=732","og_locale":"en_US","og_type":"article","og_title":"Origem e Hist\u00f3ria das Alpacas - Alpacas - Quinta Silfrohn","og_url":"https:\/\/alpacas.silfrohn.pt\/?page_id=732","og_site_name":"Alpacas - Quinta Silfrohn","article_publisher":"https:\/\/www.facebook.com\/Silfrohn\/","article_modified_time":"2023-05-23T13:20:35+00:00","twitter_card":"summary_large_image","twitter_site":"@silfrohn","twitter_misc":{"Est. reading time":"3 minutes"},"schema":{"@context":"https:\/\/schema.org","@graph":[{"@type":"WebPage","@id":"https:\/\/alpacas.silfrohn.pt\/?page_id=732","url":"https:\/\/alpacas.silfrohn.pt\/?page_id=732","name":"Origem e Hist\u00f3ria das Alpacas - Alpacas - Quinta Silfrohn","isPartOf":{"@id":"https:\/\/alpacas.silfrohn.pt\/#website"},"datePublished":"2023-05-17T21:34:58+00:00","dateModified":"2023-05-23T13:20:35+00:00","breadcrumb":{"@id":"https:\/\/alpacas.silfrohn.pt\/?page_id=732#breadcrumb"},"inLanguage":"en-US","potentialAction":[{"@type":"ReadAction","target":["https:\/\/alpacas.silfrohn.pt\/?page_id=732"]}]},{"@type":"BreadcrumbList","@id":"https:\/\/alpacas.silfrohn.pt\/?page_id=732#breadcrumb","itemListElement":[{"@type":"ListItem","position":1,"name":"Home","item":"https:\/\/alpacas.silfrohn.pt\/"},{"@type":"ListItem","position":2,"name":"Origem e Hist\u00f3ria das Alpacas"}]},{"@type":"WebSite","@id":"https:\/\/alpacas.silfrohn.pt\/#website","url":"https:\/\/alpacas.silfrohn.pt\/","name":"Alpacas - Quinta Silfrohn","description":"","publisher":{"@id":"https:\/\/alpacas.silfrohn.pt\/#organization"},"potentialAction":[{"@type":"SearchAction","target":{"@type":"EntryPoint","urlTemplate":"https:\/\/alpacas.silfrohn.pt\/?s={search_term_string}"},"query-input":"required name=search_term_string"}],"inLanguage":"en-US"},{"@type":"Organization","@id":"https:\/\/alpacas.silfrohn.pt\/#organization","name":"Quinta Silfrohn","url":"https:\/\/alpacas.silfrohn.pt\/","logo":{"@type":"ImageObject","inLanguage":"en-US","@id":"https:\/\/alpacas.silfrohn.pt\/#\/schema\/logo\/image\/","url":"https:\/\/i0.wp.com\/alpacas.silfrohn.pt\/wp-content\/uploads\/2023\/05\/logo_v6_Black_rectangle.png?fit=1080%2C563&ssl=1","contentUrl":"https:\/\/i0.wp.com\/alpacas.silfrohn.pt\/wp-content\/uploads\/2023\/05\/logo_v6_Black_rectangle.png?fit=1080%2C563&ssl=1","width":1080,"height":563,"caption":"Quinta Silfrohn"},"image":{"@id":"https:\/\/alpacas.silfrohn.pt\/#\/schema\/logo\/image\/"},"sameAs":["https:\/\/www.facebook.com\/Silfrohn\/","https:\/\/twitter.com\/silfrohn","https:\/\/www.twitch.tv\/silfrohn_farm","https:\/\/www.instagram.com\/silfrohn\/","https:\/\/www.tiktok.com\/@silfrohn_farm"]}]}},"_links":{"self":[{"href":"https:\/\/alpacas.silfrohn.pt\/index.php?rest_route=\/wp\/v2\/pages\/732","targetHints":{"allow":["GET"]}}],"collection":[{"href":"https:\/\/alpacas.silfrohn.pt\/index.php?rest_route=\/wp\/v2\/pages"}],"about":[{"href":"https:\/\/alpacas.silfrohn.pt\/index.php?rest_route=\/wp\/v2\/types\/page"}],"author":[{"embeddable":true,"href":"https:\/\/alpacas.silfrohn.pt\/index.php?rest_route=\/wp\/v2\/users\/1"}],"replies":[{"embeddable":true,"href":"https:\/\/alpacas.silfrohn.pt\/index.php?rest_route=%2Fwp%2Fv2%2Fcomments&post=732"}],"version-history":[{"count":5,"href":"https:\/\/alpacas.silfrohn.pt\/index.php?rest_route=\/wp\/v2\/pages\/732\/revisions"}],"predecessor-version":[{"id":804,"href":"https:\/\/alpacas.silfrohn.pt\/index.php?rest_route=\/wp\/v2\/pages\/732\/revisions\/804"}],"wp:attachment":[{"href":"https:\/\/alpacas.silfrohn.pt\/index.php?rest_route=%2Fwp%2Fv2%2Fmedia&parent=732"}],"curies":[{"name":"wp","href":"https:\/\/api.w.org\/{rel}","templated":true}]}}